{"id":64065,"date":"2024-11-15T22:47:44","date_gmt":"2024-11-15T22:47:44","guid":{"rendered":"https:\/\/creadivo.md\/?post_type=product&#038;p=64065"},"modified":"2025-09-29T09:43:16","modified_gmt":"2025-09-29T09:43:16","slug":"set-de-dus-serra-gold-brush","status":"publish","type":"product","link":"https:\/\/creadivo.md\/ru\/product\/set-de-dus-serra-gold-brush\/","title":{"rendered":"\u0414\u0423\u0428\u0415\u0412\u0410\u042f \u0421\u0418\u0421\u0422\u0415\u041c\u0410 SERRA GOLD BRUSH"},"content":{"rendered":"<p>V\u0103 prezent\u0103m un nou model de set de du\u0219 ascuns. Datorit\u0103 versatilit\u0103\u021bii \u0219i calit\u0103\u021bilor estetice uimitoare, setul este o alegere excelent\u0103 pentru proprietarii oric\u0103rei b\u0103i. Forma la mod\u0103 a elementelor de tencuial\u0103 a fost acoperit\u0103 cu un strat laser de 4 ori din smal\u021b de cea mai \u00eenalt\u0103 calitate. Datorit\u0103 acestei tehnici, bateria este protejat\u0103 \u00eempotriva coroziunii \u0219i decolor\u0103rii.<\/p>\n<div style=\"margin: 20px 0;\"><div class=\"qrcswholewtapper\" style=\"text-align:left;\"><div class=\"qrcprowrapper\"  id=\"qrcwraa2leds\"><div class=\"qrc_canvass\" id=\"qrc_cuttenpages_2\" style=\"display:inline-block\" data-text=\"https:\/\/creadivo.md\/ru\/product\/set-de-dus-serra-gold-brush\/\"><\/div><\/div><\/div><\/div>","protected":false},"excerpt":{"rendered":"<p>V\u0103 prezent\u0103m un nou model de set de du\u0219 ascuns. Datorit\u0103 versatilit\u0103\u021bii \u0219i calit\u0103\u021bilor estetice uimitoare, setul este o alegere<\/p>","protected":false},"featured_media":64066,"template":"","meta":[],"product_brand":[],"product_cat":[2085,1650],"product_tag":[],"class_list":{"0":"post-64065","1":"product","2":"type-product","3":"status-publish","4":"has-post-thumbnail","6":"product_cat-sisteme-de-dus","7":"product_cat-seturi-de-dus","9":"first","10":"outofstock","11":"purchasable","12":"product-type-simple"},"_links":{"self":[{"href":"https:\/\/creadivo.md\/ru\/wp-json\/wp\/v2\/product\/64065","targetHints":{"allow":["GET"]}}],"collection":[{"href":"https:\/\/creadivo.md\/ru\/wp-json\/wp\/v2\/product"}],"about":[{"href":"https:\/\/creadivo.md\/ru\/wp-json\/wp\/v2\/types\/product"}],"version-history":[{"count":0,"href":"https:\/\/creadivo.md\/ru\/wp-json\/wp\/v2\/product\/64065\/revisions"}],"wp:featuredmedia":[{"embeddable":true,"href":"https:\/\/creadivo.md\/ru\/wp-json\/wp\/v2\/media\/64066"}],"wp:attachment":[{"href":"https:\/\/creadivo.md\/ru\/wp-json\/wp\/v2\/media?parent=64065"}],"wp:term":[{"taxonomy":"product_brand","embeddable":true,"href":"https:\/\/creadivo.md\/ru\/wp-json\/wp\/v2\/product_brand?post=64065"},{"taxonomy":"product_cat","embeddable":true,"href":"https:\/\/creadivo.md\/ru\/wp-json\/wp\/v2\/product_cat?post=64065"},{"taxonomy":"product_tag","embeddable":true,"href":"https:\/\/creadivo.md\/ru\/wp-json\/wp\/v2\/product_tag?post=64065"}],"curies":[{"name":"wp","href":"https:\/\/api.w.org\/{rel}","templated":true}]}}