{"id":64145,"date":"2024-11-15T22:50:31","date_gmt":"2024-11-15T22:50:31","guid":{"rendered":"https:\/\/creadivo.md\/?post_type=product&#038;p=64145"},"modified":"2026-01-24T00:51:23","modified_gmt":"2026-01-24T00:51:23","slug":"lavoar-freestanding-dolce","status":"publish","type":"product","link":"https:\/\/creadivo.md\/ru\/product\/lavoar-freestanding-dolce\/","title":{"rendered":"\u0423\u041c\u042b\u0412\u0410\u041b\u042c\u041d\u0418\u041a \u041d\u0410\u041f\u041e\u041b\u042c\u041d\u042b\u0419 DOLCE"},"content":{"rendered":"<p>Chiuveta de sine st\u0103t\u0103toare din ceramic\u0103 este un produs unic conceput av\u00e2nd \u00een vedere aspectul \u0219i func\u021bionalitatea. Designul incredibil de modern se va potrivi perfect \u00een orice baie cu design elegant. Forma clasic\u0103 a bolului, o gaur\u0103 pentru robinet \u0219i un preaplin \u00eel fac o alegere practic\u0103 \u00een baia ta.<\/p>\n<div style=\"margin: 20px 0;\"><div class=\"qrcswholewtapper\" style=\"text-align:left;\"><div class=\"qrcprowrapper\"  id=\"qrcwraa2leds\"><div class=\"qrc_canvass\" id=\"qrc_cuttenpages_2\" style=\"display:inline-block\" data-text=\"https:\/\/creadivo.md\/ru\/product\/lavoar-freestanding-dolce\/\"><\/div><\/div><\/div><\/div>","protected":false},"excerpt":{"rendered":"<p>Chiuveta de sine st\u0103t\u0103toare din ceramic\u0103 este un produs unic conceput av\u00e2nd \u00een vedere aspectul \u0219i func\u021bionalitatea. Designul incredibil de<\/p>","protected":false},"featured_media":64883,"template":"","meta":[],"product_brand":[],"product_cat":[21,288],"product_tag":[],"class_list":{"0":"post-64145","1":"product","2":"type-product","3":"status-publish","4":"has-post-thumbnail","6":"product_cat-lavoare","7":"product_cat-lavoar-freestanding","9":"first","10":"outofstock","11":"purchasable","12":"product-type-simple"},"_links":{"self":[{"href":"https:\/\/creadivo.md\/ru\/wp-json\/wp\/v2\/product\/64145","targetHints":{"allow":["GET"]}}],"collection":[{"href":"https:\/\/creadivo.md\/ru\/wp-json\/wp\/v2\/product"}],"about":[{"href":"https:\/\/creadivo.md\/ru\/wp-json\/wp\/v2\/types\/product"}],"version-history":[{"count":0,"href":"https:\/\/creadivo.md\/ru\/wp-json\/wp\/v2\/product\/64145\/revisions"}],"wp:featuredmedia":[{"embeddable":true,"href":"https:\/\/creadivo.md\/ru\/wp-json\/wp\/v2\/media\/64883"}],"wp:attachment":[{"href":"https:\/\/creadivo.md\/ru\/wp-json\/wp\/v2\/media?parent=64145"}],"wp:term":[{"taxonomy":"product_brand","embeddable":true,"href":"https:\/\/creadivo.md\/ru\/wp-json\/wp\/v2\/product_brand?post=64145"},{"taxonomy":"product_cat","embeddable":true,"href":"https:\/\/creadivo.md\/ru\/wp-json\/wp\/v2\/product_cat?post=64145"},{"taxonomy":"product_tag","embeddable":true,"href":"https:\/\/creadivo.md\/ru\/wp-json\/wp\/v2\/product_tag?post=64145"}],"curies":[{"name":"wp","href":"https:\/\/api.w.org\/{rel}","templated":true}]}}