{"id":64166,"date":"2024-11-15T22:50:45","date_gmt":"2024-11-15T22:50:45","guid":{"rendered":"https:\/\/creadivo.md\/?post_type=product&#038;p=64166"},"modified":"2026-04-03T00:31:25","modified_gmt":"2026-04-03T00:31:25","slug":"usa-de-dus-montana-gold-120","status":"publish","type":"product","link":"https:\/\/creadivo.md\/ru\/product\/usa-de-dus-montana-gold-120\/","title":{"rendered":"\u0414\u0423\u0428\u0415\u0412\u0410\u042f \u0414\u0412\u0415\u0420\u042c MONTANA GOLD 120"},"content":{"rendered":"<p>U\u0219ile de du\u0219 din sticl\u0103 sunt disponibile \u00een \u0219apte dimensiuni, astfel \u00eenc\u00e2t fiecare s\u0103 o poat\u0103 alege pe cea potrivit\u0103 pentru proiectul s\u0103u. \u00cenainte de a cump\u0103ra, m\u0103sura\u021bi cu aten\u021bie l\u0103\u021bimea \u0219i \u00een\u0103l\u021bimea loca\u0219ului. O u\u0219\u0103 de du\u0219 bine aleas\u0103 va crea aspectul perfect al b\u0103ii \u0219i va oferi doza potrivit\u0103 de intimitate.<\/p>\n<div style=\"margin: 20px 0;\"><div class=\"qrcswholewtapper\" style=\"text-align:left;\"><div class=\"qrcprowrapper\"  id=\"qrcwraa2leds\"><div class=\"qrc_canvass\" id=\"qrc_cuttenpages_2\" style=\"display:inline-block\" data-text=\"https:\/\/creadivo.md\/ru\/product\/usa-de-dus-montana-gold-120\/\"><\/div><\/div><\/div><\/div>","protected":false},"excerpt":{"rendered":"<p>U\u0219ile de du\u0219 din sticl\u0103 sunt disponibile \u00een \u0219apte dimensiuni, astfel \u00eenc\u00e2t fiecare s\u0103 o poat\u0103 alege pe cea potrivit\u0103<\/p>","protected":false},"featured_media":64889,"template":"","meta":[],"product_brand":[],"product_cat":[24,1335],"product_tag":[],"class_list":{"0":"post-64166","1":"product","2":"type-product","3":"status-publish","4":"has-post-thumbnail","6":"product_cat-cabine-de-dus","7":"product_cat-usi-pentru-cabine-de-dus","9":"first","10":"instock","11":"purchasable","12":"product-type-simple"},"_links":{"self":[{"href":"https:\/\/creadivo.md\/ru\/wp-json\/wp\/v2\/product\/64166","targetHints":{"allow":["GET"]}}],"collection":[{"href":"https:\/\/creadivo.md\/ru\/wp-json\/wp\/v2\/product"}],"about":[{"href":"https:\/\/creadivo.md\/ru\/wp-json\/wp\/v2\/types\/product"}],"version-history":[{"count":0,"href":"https:\/\/creadivo.md\/ru\/wp-json\/wp\/v2\/product\/64166\/revisions"}],"wp:featuredmedia":[{"embeddable":true,"href":"https:\/\/creadivo.md\/ru\/wp-json\/wp\/v2\/media\/64889"}],"wp:attachment":[{"href":"https:\/\/creadivo.md\/ru\/wp-json\/wp\/v2\/media?parent=64166"}],"wp:term":[{"taxonomy":"product_brand","embeddable":true,"href":"https:\/\/creadivo.md\/ru\/wp-json\/wp\/v2\/product_brand?post=64166"},{"taxonomy":"product_cat","embeddable":true,"href":"https:\/\/creadivo.md\/ru\/wp-json\/wp\/v2\/product_cat?post=64166"},{"taxonomy":"product_tag","embeddable":true,"href":"https:\/\/creadivo.md\/ru\/wp-json\/wp\/v2\/product_tag?post=64166"}],"curies":[{"name":"wp","href":"https:\/\/api.w.org\/{rel}","templated":true}]}}