{"id":64175,"date":"2024-11-15T22:50:51","date_gmt":"2024-11-15T22:50:51","guid":{"rendered":"https:\/\/creadivo.md\/?post_type=product&#038;p=64175"},"modified":"2026-04-07T00:31:23","modified_gmt":"2026-04-07T00:31:23","slug":"cada-ferrano-180","status":"publish","type":"product","link":"https:\/\/creadivo.md\/ru\/product\/cada-ferrano-180\/","title":{"rendered":"\u041e\u0422\u0414\u0415\u041b\u042c\u041d\u041e\u0421\u0422\u041e\u042f\u0429\u0410\u042f \u0412\u0410\u041d\u041d\u0410 FERRANO 180"},"content":{"rendered":"<p>Cada freestanding este o pies\u0103 sofisticat\u0103 \u0219i elegant\u0103, ideal\u0103 pentru a deveni punctul focal al b\u0103ii. Cu un design independent, aceasta ofer\u0103 libertate de amplasare \u0219i un aspect modern, potrivit at\u00e2t pentru b\u0103ile spa\u021bioase, c\u00e2t \u0219i pentru cele minimaliste. Fabricat\u0103 din materiale durabile \u0219i cu finisaje premium, cada freestanding combin\u0103 confortul cu stilul, cre\u00e2nd un spa\u021biu de relaxare rafinat \u0219i exclusivist.<\/p>\n<div style=\"margin: 20px 0;\"><div class=\"qrcswholewtapper\" style=\"text-align:left;\"><div class=\"qrcprowrapper\"  id=\"qrcwraa2leds\"><div class=\"qrc_canvass\" id=\"qrc_cuttenpages_2\" style=\"display:inline-block\" data-text=\"https:\/\/creadivo.md\/ru\/product\/cada-ferrano-180\/\"><\/div><\/div><\/div><\/div>","protected":false},"excerpt":{"rendered":"<p>Cada freestanding este o pies\u0103 sofisticat\u0103 \u0219i elegant\u0103, ideal\u0103 pentru a deveni punctul focal al b\u0103ii. Cu un design independent,<\/p>","protected":false},"featured_media":64196,"template":"","meta":[],"product_brand":[],"product_cat":[23,104],"product_tag":[],"class_list":{"0":"post-64175","1":"product","2":"type-product","3":"status-publish","4":"has-post-thumbnail","6":"product_cat-cazi-de-baie","7":"product_cat-cada-freestanding","9":"first","10":"instock","11":"purchasable","12":"product-type-simple"},"_links":{"self":[{"href":"https:\/\/creadivo.md\/ru\/wp-json\/wp\/v2\/product\/64175","targetHints":{"allow":["GET"]}}],"collection":[{"href":"https:\/\/creadivo.md\/ru\/wp-json\/wp\/v2\/product"}],"about":[{"href":"https:\/\/creadivo.md\/ru\/wp-json\/wp\/v2\/types\/product"}],"version-history":[{"count":0,"href":"https:\/\/creadivo.md\/ru\/wp-json\/wp\/v2\/product\/64175\/revisions"}],"wp:featuredmedia":[{"embeddable":true,"href":"https:\/\/creadivo.md\/ru\/wp-json\/wp\/v2\/media\/64196"}],"wp:attachment":[{"href":"https:\/\/creadivo.md\/ru\/wp-json\/wp\/v2\/media?parent=64175"}],"wp:term":[{"taxonomy":"product_brand","embeddable":true,"href":"https:\/\/creadivo.md\/ru\/wp-json\/wp\/v2\/product_brand?post=64175"},{"taxonomy":"product_cat","embeddable":true,"href":"https:\/\/creadivo.md\/ru\/wp-json\/wp\/v2\/product_cat?post=64175"},{"taxonomy":"product_tag","embeddable":true,"href":"https:\/\/creadivo.md\/ru\/wp-json\/wp\/v2\/product_tag?post=64175"}],"curies":[{"name":"wp","href":"https:\/\/api.w.org\/{rel}","templated":true}]}}