{"id":64180,"date":"2024-11-15T22:50:53","date_gmt":"2024-11-15T22:50:53","guid":{"rendered":"https:\/\/creadivo.md\/?post_type=product&#038;p=64180"},"modified":"2026-03-31T00:40:13","modified_gmt":"2026-03-31T00:40:13","slug":"cabina-de-dus-montana-brush-gold-90x90","status":"publish","type":"product","link":"https:\/\/creadivo.md\/ru\/product\/cabina-de-dus-montana-brush-gold-90x90\/","title":{"rendered":"\u0414\u0423\u0428\u0415\u0412\u0410\u042f \u041a\u0410\u0411\u0418\u041d\u0410 MONTANA BRUSH GOLD 90\u00d790"},"content":{"rendered":"<p>O cabin\u0103 de du\u0219 \u00eentr-un design simplu, elegant \u0219i func\u021bionalitate la cel mai \u00eenalt nivel. Dac\u0103 baia dvs. are nevoie de aceste caracteristici, atunci cabina noastr\u0103 de du\u0219 este potrivit\u0103 pentru dvs. Acest produs are o acoperire Easy Clean care o face u\u0219or de cur\u0103\u021bat.<\/p>\n<div style=\"margin: 20px 0;\"><div class=\"qrcswholewtapper\" style=\"text-align:left;\"><div class=\"qrcprowrapper\"  id=\"qrcwraa2leds\"><div class=\"qrc_canvass\" id=\"qrc_cuttenpages_2\" style=\"display:inline-block\" data-text=\"https:\/\/creadivo.md\/ru\/product\/cabina-de-dus-montana-brush-gold-90x90\/\"><\/div><\/div><\/div><\/div>","protected":false},"excerpt":{"rendered":"<p>O cabin\u0103 de du\u0219 \u00eentr-un design simplu, elegant \u0219i func\u021bionalitate la cel mai \u00eenalt nivel. Dac\u0103 baia dvs. are nevoie<\/p>","protected":false},"featured_media":64198,"template":"","meta":[],"product_brand":[],"product_cat":[24,298],"product_tag":[],"class_list":{"0":"post-64180","1":"product","2":"type-product","3":"status-publish","4":"has-post-thumbnail","6":"product_cat-cabine-de-dus","7":"product_cat-cabine-de-colt","9":"first","10":"instock","11":"purchasable","12":"product-type-simple"},"_links":{"self":[{"href":"https:\/\/creadivo.md\/ru\/wp-json\/wp\/v2\/product\/64180","targetHints":{"allow":["GET"]}}],"collection":[{"href":"https:\/\/creadivo.md\/ru\/wp-json\/wp\/v2\/product"}],"about":[{"href":"https:\/\/creadivo.md\/ru\/wp-json\/wp\/v2\/types\/product"}],"version-history":[{"count":1,"href":"https:\/\/creadivo.md\/ru\/wp-json\/wp\/v2\/product\/64180\/revisions"}],"predecessor-version":[{"id":64338,"href":"https:\/\/creadivo.md\/ru\/wp-json\/wp\/v2\/product\/64180\/revisions\/64338"}],"wp:featuredmedia":[{"embeddable":true,"href":"https:\/\/creadivo.md\/ru\/wp-json\/wp\/v2\/media\/64198"}],"wp:attachment":[{"href":"https:\/\/creadivo.md\/ru\/wp-json\/wp\/v2\/media?parent=64180"}],"wp:term":[{"taxonomy":"product_brand","embeddable":true,"href":"https:\/\/creadivo.md\/ru\/wp-json\/wp\/v2\/product_brand?post=64180"},{"taxonomy":"product_cat","embeddable":true,"href":"https:\/\/creadivo.md\/ru\/wp-json\/wp\/v2\/product_cat?post=64180"},{"taxonomy":"product_tag","embeddable":true,"href":"https:\/\/creadivo.md\/ru\/wp-json\/wp\/v2\/product_tag?post=64180"}],"curies":[{"name":"wp","href":"https:\/\/api.w.org\/{rel}","templated":true}]}}