{"id":64183,"date":"2024-11-15T22:50:55","date_gmt":"2024-11-15T22:50:55","guid":{"rendered":"https:\/\/creadivo.md\/?post_type=product&#038;p=64183"},"modified":"2026-03-27T01:01:39","modified_gmt":"2026-03-27T01:01:39","slug":"rigola-dus-neox-slim-pro-gold-brush-1000","status":"publish","type":"product","link":"https:\/\/creadivo.md\/ru\/product\/rigola-dus-neox-slim-pro-gold-brush-1000\/","title":{"rendered":"\u0422\u0420\u0410\u041f \u0414\u041b\u042f \u0414\u0423\u0428\u0410 NEOX SLIM PRO GOLD BRUSH 1000"},"content":{"rendered":"<p>Rigola Neox este un \u00eenlocuitor modern pentru c\u0103zile de du\u0219 tradi\u021bionale. Ofer\u0103 un aspect elegant \u0219i v\u0103 permite s\u0103 p\u0103stra\u021bi cu u\u0219urin\u021b\u0103 spa\u021biul de baie curat.<\/p>\n<p>\u00ce\u021bi va umple perfect spatiul de baie, pastrand in acelasi timp aspectul si estetica impecabila a interiorului. Rigola este realizata din otel inoxidabil Aisi 304 de cea mai buna calitate. Capacul de scurgere este pe ambele fete, astfel incat putem alege doua finisaje \u2013 aluminiu sau faianta lipita, ceea ce ne permite sa potrivim tipul de finisaj pentru fiecare baie.<\/p>\n<div style=\"margin: 20px 0;\"><div class=\"qrcswholewtapper\" style=\"text-align:left;\"><div class=\"qrcprowrapper\"  id=\"qrcwraa2leds\"><div class=\"qrc_canvass\" id=\"qrc_cuttenpages_2\" style=\"display:inline-block\" data-text=\"https:\/\/creadivo.md\/ru\/product\/rigola-dus-neox-slim-pro-gold-brush-1000\/\"><\/div><\/div><\/div><\/div>","protected":false},"excerpt":{"rendered":"<p>Rigola Neox este un \u00eenlocuitor modern pentru c\u0103zile de du\u0219 tradi\u021bionale. Ofer\u0103 un aspect elegant \u0219i v\u0103 permite s\u0103 p\u0103stra\u021bi<\/p>","protected":false},"featured_media":64199,"template":"","meta":[],"product_brand":[],"product_cat":[102],"product_tag":[],"class_list":{"0":"post-64183","1":"product","2":"type-product","3":"status-publish","4":"has-post-thumbnail","6":"product_cat-sifoane-si-rigole","8":"first","9":"instock","10":"purchasable","11":"product-type-simple"},"_links":{"self":[{"href":"https:\/\/creadivo.md\/ru\/wp-json\/wp\/v2\/product\/64183","targetHints":{"allow":["GET"]}}],"collection":[{"href":"https:\/\/creadivo.md\/ru\/wp-json\/wp\/v2\/product"}],"about":[{"href":"https:\/\/creadivo.md\/ru\/wp-json\/wp\/v2\/types\/product"}],"version-history":[{"count":1,"href":"https:\/\/creadivo.md\/ru\/wp-json\/wp\/v2\/product\/64183\/revisions"}],"predecessor-version":[{"id":64644,"href":"https:\/\/creadivo.md\/ru\/wp-json\/wp\/v2\/product\/64183\/revisions\/64644"}],"wp:featuredmedia":[{"embeddable":true,"href":"https:\/\/creadivo.md\/ru\/wp-json\/wp\/v2\/media\/64199"}],"wp:attachment":[{"href":"https:\/\/creadivo.md\/ru\/wp-json\/wp\/v2\/media?parent=64183"}],"wp:term":[{"taxonomy":"product_brand","embeddable":true,"href":"https:\/\/creadivo.md\/ru\/wp-json\/wp\/v2\/product_brand?post=64183"},{"taxonomy":"product_cat","embeddable":true,"href":"https:\/\/creadivo.md\/ru\/wp-json\/wp\/v2\/product_cat?post=64183"},{"taxonomy":"product_tag","embeddable":true,"href":"https:\/\/creadivo.md\/ru\/wp-json\/wp\/v2\/product_tag?post=64183"}],"curies":[{"name":"wp","href":"https:\/\/api.w.org\/{rel}","templated":true}]}}