{"id":64789,"date":"2024-12-10T16:20:37","date_gmt":"2024-12-10T16:20:37","guid":{"rendered":"https:\/\/creadivo.md\/?post_type=product&#038;p=64789"},"modified":"2025-01-03T07:52:18","modified_gmt":"2025-01-03T07:52:18","slug":"garnitura-inferioara-pentru-cabina-de-dus-6-8mm-black","status":"publish","type":"product","link":"https:\/\/creadivo.md\/ru\/product\/garnitura-inferioara-pentru-cabina-de-dus-6-8mm-black\/","title":{"rendered":"\u041d\u0418\u0416\u041d\u042f\u042f \u041f\u0420\u041e\u041a\u041b\u0410\u0414\u041a\u0410 \u0414\u041b\u042f \u0414\u0423\u0428\u0415\u0412\u041e\u0419 \u041a\u0410\u0411\u0418\u041d\u042b 6-8mm BLACK"},"content":{"rendered":"<p>Garnitur\u0103 neagr\u0103 de tunel pentru cabine \u0219i u\u0219i de du\u0219. Se potrive\u0219te tuturor u\u0219ilor \u0219i cabinelor cu o grosime de sticl\u0103 de 6-8 mm. Garnitura de 100 cm lungime, de t\u0103iat dac\u0103 este necesar.<\/p>\n<div style=\"margin: 20px 0;\"><div class=\"qrcswholewtapper\" style=\"text-align:left;\"><div class=\"qrcprowrapper\"  id=\"qrcwraa2leds\"><div class=\"qrc_canvass\" id=\"qrc_cuttenpages_2\" style=\"display:inline-block\" data-text=\"https:\/\/creadivo.md\/ru\/product\/garnitura-inferioara-pentru-cabina-de-dus-6-8mm-black\/\"><\/div><\/div><\/div><\/div>","protected":false},"excerpt":{"rendered":"<p>Garnitur\u0103 neagr\u0103 de tunel pentru cabine \u0219i u\u0219i de du\u0219. Se potrive\u0219te tuturor u\u0219ilor \u0219i cabinelor cu o grosime de<\/p>","protected":false},"featured_media":64790,"template":"","meta":[],"product_brand":[],"product_cat":[102,271,27],"product_tag":[],"class_list":{"0":"post-64789","1":"product","2":"type-product","3":"status-publish","4":"has-post-thumbnail","6":"product_cat-sifoane-si-rigole","7":"product_cat-vase-wc-turcesti","8":"product_cat-accesorii-pentru-casa","10":"first","11":"instock","12":"purchasable","13":"product-type-simple"},"_links":{"self":[{"href":"https:\/\/creadivo.md\/ru\/wp-json\/wp\/v2\/product\/64789","targetHints":{"allow":["GET"]}}],"collection":[{"href":"https:\/\/creadivo.md\/ru\/wp-json\/wp\/v2\/product"}],"about":[{"href":"https:\/\/creadivo.md\/ru\/wp-json\/wp\/v2\/types\/product"}],"version-history":[{"count":0,"href":"https:\/\/creadivo.md\/ru\/wp-json\/wp\/v2\/product\/64789\/revisions"}],"wp:featuredmedia":[{"embeddable":true,"href":"https:\/\/creadivo.md\/ru\/wp-json\/wp\/v2\/media\/64790"}],"wp:attachment":[{"href":"https:\/\/creadivo.md\/ru\/wp-json\/wp\/v2\/media?parent=64789"}],"wp:term":[{"taxonomy":"product_brand","embeddable":true,"href":"https:\/\/creadivo.md\/ru\/wp-json\/wp\/v2\/product_brand?post=64789"},{"taxonomy":"product_cat","embeddable":true,"href":"https:\/\/creadivo.md\/ru\/wp-json\/wp\/v2\/product_cat?post=64789"},{"taxonomy":"product_tag","embeddable":true,"href":"https:\/\/creadivo.md\/ru\/wp-json\/wp\/v2\/product_tag?post=64789"}],"curies":[{"name":"wp","href":"https:\/\/api.w.org\/{rel}","templated":true}]}}