{"id":64806,"date":"2024-12-10T17:09:43","date_gmt":"2024-12-10T17:09:43","guid":{"rendered":"https:\/\/creadivo.md\/?post_type=product&#038;p=64806"},"modified":"2025-12-05T00:31:55","modified_gmt":"2025-12-05T00:31:55","slug":"cada-sydney-160cm-left","status":"publish","type":"product","link":"https:\/\/creadivo.md\/ru\/product\/cada-sydney-160cm-left\/","title":{"rendered":"\u0412\u0410\u041d\u041d\u0410 SYDNEY 160c\u043c \u041b\u0415\u0412\u0410\u042f"},"content":{"rendered":"<p>V\u0103 prezent\u0103m o cad\u0103 frumoas\u0103, extrem de func\u021bional\u0103 \u0219i modern\u0103. Acesta este un produs care \u00ee\u021bi va umple perfect spa\u021biul de baie, p\u0103str\u00e2nd \u00een acela\u0219i timp aspectul \u0219i estetica impecabile a interiorului. Cada este conceput\u0103 pentru a fi instalat\u0103 ca o cad\u0103 de col\u021b. Caracteristica sa cheie este forma sa perfect conturat\u0103, asigur\u00e2nd o pozi\u021bie confortabil\u0103 \u00een timp ce faci baie. Este realizat din acril durabil \u0219i rezistent la deteriorare \u0219i zg\u00e2rieturi. Datorit\u0103 unei faze speciale de produc\u021bie, este durabil \u0219i u\u0219or de cur\u0103\u021bat.<\/p>\n<div style=\"margin: 20px 0;\"><div class=\"qrcswholewtapper\" style=\"text-align:left;\"><div class=\"qrcprowrapper\"  id=\"qrcwraa2leds\"><div class=\"qrc_canvass\" id=\"qrc_cuttenpages_2\" style=\"display:inline-block\" data-text=\"https:\/\/creadivo.md\/ru\/product\/cada-sydney-160cm-left\/\"><\/div><\/div><\/div><\/div>","protected":false},"excerpt":{"rendered":"<p>V\u0103 prezent\u0103m o cad\u0103 frumoas\u0103, extrem de func\u021bional\u0103 \u0219i modern\u0103. Acesta este un produs care \u00ee\u021bi va umple perfect spa\u021biul<\/p>","protected":false},"featured_media":65592,"template":"","meta":[],"product_brand":[],"product_cat":[23,105],"product_tag":[],"class_list":{"0":"post-64806","1":"product","2":"type-product","3":"status-publish","4":"has-post-thumbnail","6":"product_cat-cazi-de-baie","7":"product_cat-cada-de-colt","8":"pa_capacitate-160-262-litri-170-282-litri","9":"pa_coaja-anti-stergere","10":"pa_informatii-suplimentare-strat-mirror-coat-sifon-si-mufa-click-clack-incluse","12":"first","13":"outofstock","14":"purchasable","15":"product-type-simple"},"_links":{"self":[{"href":"https:\/\/creadivo.md\/ru\/wp-json\/wp\/v2\/product\/64806","targetHints":{"allow":["GET"]}}],"collection":[{"href":"https:\/\/creadivo.md\/ru\/wp-json\/wp\/v2\/product"}],"about":[{"href":"https:\/\/creadivo.md\/ru\/wp-json\/wp\/v2\/types\/product"}],"version-history":[{"count":0,"href":"https:\/\/creadivo.md\/ru\/wp-json\/wp\/v2\/product\/64806\/revisions"}],"wp:featuredmedia":[{"embeddable":true,"href":"https:\/\/creadivo.md\/ru\/wp-json\/wp\/v2\/media\/65592"}],"wp:attachment":[{"href":"https:\/\/creadivo.md\/ru\/wp-json\/wp\/v2\/media?parent=64806"}],"wp:term":[{"taxonomy":"product_brand","embeddable":true,"href":"https:\/\/creadivo.md\/ru\/wp-json\/wp\/v2\/product_brand?post=64806"},{"taxonomy":"product_cat","embeddable":true,"href":"https:\/\/creadivo.md\/ru\/wp-json\/wp\/v2\/product_cat?post=64806"},{"taxonomy":"product_tag","embeddable":true,"href":"https:\/\/creadivo.md\/ru\/wp-json\/wp\/v2\/product_tag?post=64806"}],"curies":[{"name":"wp","href":"https:\/\/api.w.org\/{rel}","templated":true}]}}