{"id":64901,"date":"2024-12-10T18:04:20","date_gmt":"2024-12-10T18:04:20","guid":{"rendered":"https:\/\/creadivo.md\/?post_type=product&#038;p=64901"},"modified":"2026-03-31T00:40:16","modified_gmt":"2026-03-31T00:40:16","slug":"lavoar-pe-blat-aura-42-white","status":"publish","type":"product","link":"https:\/\/creadivo.md\/ru\/product\/lavoar-pe-blat-aura-42-white\/","title":{"rendered":"\u0423\u041c\u042b\u0412\u0410\u041b\u042c\u041d\u0418\u041a AURA 42 WHITE"},"content":{"rendered":"<p>Lavoar pe blat realizat din materiale de \u00eenalt\u0103 calitate, va satisface cerin\u021bele celor care apreciaz\u0103 calitatea. Datorit\u0103 liniilor sale armonioase, se integreaz\u0103 bine \u00een orice stil, indiferent dac\u0103 baia este moderna sau clasic\u0103. Forma sa simplificat\u0103 \u00eei confer\u0103 un aspect u\u0219or. Lavoarul de blat prezentat este adaptat pentru a fi montat pe un blat sau un dulap.<\/p>\n<div style=\"margin: 20px 0;\"><div class=\"qrcswholewtapper\" style=\"text-align:left;\"><div class=\"qrcprowrapper\"  id=\"qrcwraa2leds\"><div class=\"qrc_canvass\" id=\"qrc_cuttenpages_2\" style=\"display:inline-block\" data-text=\"https:\/\/creadivo.md\/ru\/product\/lavoar-pe-blat-aura-42-white\/\"><\/div><\/div><\/div><\/div>","protected":false},"excerpt":{"rendered":"<p>Lavoar pe blat realizat din materiale de \u00eenalt\u0103 calitate, va satisface cerin\u021bele celor care apreciaz\u0103 calitatea. Datorit\u0103 liniilor sale armonioase,<\/p>","protected":false},"featured_media":66643,"template":"","meta":[],"product_brand":[],"product_cat":[21,286],"product_tag":[],"class_list":{"0":"post-64901","1":"product","2":"type-product","3":"status-publish","4":"has-post-thumbnail","6":"product_cat-lavoare","7":"product_cat-lavoar-pe-blat","9":"first","10":"instock","11":"purchasable","12":"product-type-simple"},"_links":{"self":[{"href":"https:\/\/creadivo.md\/ru\/wp-json\/wp\/v2\/product\/64901","targetHints":{"allow":["GET"]}}],"collection":[{"href":"https:\/\/creadivo.md\/ru\/wp-json\/wp\/v2\/product"}],"about":[{"href":"https:\/\/creadivo.md\/ru\/wp-json\/wp\/v2\/types\/product"}],"version-history":[{"count":0,"href":"https:\/\/creadivo.md\/ru\/wp-json\/wp\/v2\/product\/64901\/revisions"}],"wp:featuredmedia":[{"embeddable":true,"href":"https:\/\/creadivo.md\/ru\/wp-json\/wp\/v2\/media\/66643"}],"wp:attachment":[{"href":"https:\/\/creadivo.md\/ru\/wp-json\/wp\/v2\/media?parent=64901"}],"wp:term":[{"taxonomy":"product_brand","embeddable":true,"href":"https:\/\/creadivo.md\/ru\/wp-json\/wp\/v2\/product_brand?post=64901"},{"taxonomy":"product_cat","embeddable":true,"href":"https:\/\/creadivo.md\/ru\/wp-json\/wp\/v2\/product_cat?post=64901"},{"taxonomy":"product_tag","embeddable":true,"href":"https:\/\/creadivo.md\/ru\/wp-json\/wp\/v2\/product_tag?post=64901"}],"curies":[{"name":"wp","href":"https:\/\/api.w.org\/{rel}","templated":true}]}}