{"id":64907,"date":"2024-12-10T18:04:25","date_gmt":"2024-12-10T18:04:25","guid":{"rendered":"https:\/\/creadivo.md\/?post_type=product&#038;p=64907"},"modified":"2026-04-10T00:31:32","modified_gmt":"2026-04-10T00:31:32","slug":"lavoar-pe-blat-lisa-light-blue-shiny","status":"publish","type":"product","link":"https:\/\/creadivo.md\/ru\/product\/lavoar-pe-blat-lisa-light-blue-shiny\/","title":{"rendered":"\u0423\u041c\u042b\u0412\u0410\u041b\u042c\u041d\u0418\u041a LISA LIGHT BLUE SHINY"},"content":{"rendered":"<p>Lavoar frumos, extrem de func\u021bional \u0219i modern. Acesta este un produs care se va potrivi perfect spa\u021biului, p\u0103str\u00e2nd \u00een acela\u0219i timp aspectul impecabil al b\u0103ii dumneavoastr\u0103. Lavoarul de blat prezentat este adaptat pentru a fi montat pe un blat sau un dulap. Este realizat din obiecte sanitare de \u00eenalt\u0103 calitate, durabil \u0219i u\u0219or de cur\u0103\u021bat.<\/p>\n<div style=\"margin: 20px 0;\"><div class=\"qrcswholewtapper\" style=\"text-align:left;\"><div class=\"qrcprowrapper\"  id=\"qrcwraa2leds\"><div class=\"qrc_canvass\" id=\"qrc_cuttenpages_2\" style=\"display:inline-block\" data-text=\"https:\/\/creadivo.md\/ru\/product\/lavoar-pe-blat-lisa-light-blue-shiny\/\"><\/div><\/div><\/div><\/div>","protected":false},"excerpt":{"rendered":"<p>Lavoar frumos, extrem de func\u021bional \u0219i modern. Acesta este un produs care se va potrivi perfect spa\u021biului, p\u0103str\u00e2nd \u00een acela\u0219i<\/p>","protected":false},"featured_media":64908,"template":"","meta":[],"product_brand":[],"product_cat":[21,286],"product_tag":[],"class_list":{"0":"post-64907","1":"product","2":"type-product","3":"status-publish","4":"has-post-thumbnail","6":"product_cat-lavoare","7":"product_cat-lavoar-pe-blat","9":"first","10":"instock","11":"purchasable","12":"product-type-simple"},"_links":{"self":[{"href":"https:\/\/creadivo.md\/ru\/wp-json\/wp\/v2\/product\/64907","targetHints":{"allow":["GET"]}}],"collection":[{"href":"https:\/\/creadivo.md\/ru\/wp-json\/wp\/v2\/product"}],"about":[{"href":"https:\/\/creadivo.md\/ru\/wp-json\/wp\/v2\/types\/product"}],"version-history":[{"count":0,"href":"https:\/\/creadivo.md\/ru\/wp-json\/wp\/v2\/product\/64907\/revisions"}],"wp:featuredmedia":[{"embeddable":true,"href":"https:\/\/creadivo.md\/ru\/wp-json\/wp\/v2\/media\/64908"}],"wp:attachment":[{"href":"https:\/\/creadivo.md\/ru\/wp-json\/wp\/v2\/media?parent=64907"}],"wp:term":[{"taxonomy":"product_brand","embeddable":true,"href":"https:\/\/creadivo.md\/ru\/wp-json\/wp\/v2\/product_brand?post=64907"},{"taxonomy":"product_cat","embeddable":true,"href":"https:\/\/creadivo.md\/ru\/wp-json\/wp\/v2\/product_cat?post=64907"},{"taxonomy":"product_tag","embeddable":true,"href":"https:\/\/creadivo.md\/ru\/wp-json\/wp\/v2\/product_tag?post=64907"}],"curies":[{"name":"wp","href":"https:\/\/api.w.org\/{rel}","templated":true}]}}