{"id":65017,"date":"2024-12-10T18:08:06","date_gmt":"2024-12-10T18:08:06","guid":{"rendered":"https:\/\/creadivo.md\/?post_type=product&#038;p=65017"},"modified":"2026-04-11T00:31:44","modified_gmt":"2026-04-11T00:31:44","slug":"cada-freestanding-corfu-170cm","status":"publish","type":"product","link":"https:\/\/creadivo.md\/ru\/product\/cada-freestanding-corfu-170cm\/","title":{"rendered":"\u041e\u0422\u0414\u0415\u041b\u042c\u041d\u041e\u0421\u0422\u041e\u042f\u0429\u0410\u042f \u0412\u0410\u041d\u041d\u0410 CORFU 170\u0441\u043c"},"content":{"rendered":"<p>Frumoasa \u0219i extrem de func\u021bional\u0103 cad\u0103 Corfu v\u0103 va umple perfect spa\u021biul din baie, p\u0103str\u00e2nd \u00een acela\u0219i timp aspectul impecabil \u0219i estetica. Cada este proiectat\u0103 pentru a fi instalat\u0103 independent oriunde \u00een baie. A fost fabricat din material durabil \u0219i rezistent la deterior\u0103ri \u0219i acrilice. Datorit\u0103 unei faze speciale de produc\u021bie, este durabila \u0219i u\u0219or de cur\u0103\u021bat.<\/p>\n<div style=\"margin: 20px 0;\"><div class=\"qrcswholewtapper\" style=\"text-align:left;\"><div class=\"qrcprowrapper\"  id=\"qrcwraa2leds\"><div class=\"qrc_canvass\" id=\"qrc_cuttenpages_2\" style=\"display:inline-block\" data-text=\"https:\/\/creadivo.md\/ru\/product\/cada-freestanding-corfu-170cm\/\"><\/div><\/div><\/div><\/div>","protected":false},"excerpt":{"rendered":"<p>Frumoasa \u0219i extrem de func\u021bional\u0103 cad\u0103 Corfu v\u0103 va umple perfect spa\u021biul din baie, p\u0103str\u00e2nd \u00een acela\u0219i timp aspectul impecabil<\/p>","protected":false},"featured_media":65074,"template":"","meta":[],"product_brand":[],"product_cat":[23,104],"product_tag":[],"class_list":{"0":"post-65017","1":"product","2":"type-product","3":"status-publish","4":"has-post-thumbnail","6":"product_cat-cazi-de-baie","7":"product_cat-cada-freestanding","9":"first","10":"instock","11":"purchasable","12":"product-type-simple"},"_links":{"self":[{"href":"https:\/\/creadivo.md\/ru\/wp-json\/wp\/v2\/product\/65017","targetHints":{"allow":["GET"]}}],"collection":[{"href":"https:\/\/creadivo.md\/ru\/wp-json\/wp\/v2\/product"}],"about":[{"href":"https:\/\/creadivo.md\/ru\/wp-json\/wp\/v2\/types\/product"}],"version-history":[{"count":0,"href":"https:\/\/creadivo.md\/ru\/wp-json\/wp\/v2\/product\/65017\/revisions"}],"wp:featuredmedia":[{"embeddable":true,"href":"https:\/\/creadivo.md\/ru\/wp-json\/wp\/v2\/media\/65074"}],"wp:attachment":[{"href":"https:\/\/creadivo.md\/ru\/wp-json\/wp\/v2\/media?parent=65017"}],"wp:term":[{"taxonomy":"product_brand","embeddable":true,"href":"https:\/\/creadivo.md\/ru\/wp-json\/wp\/v2\/product_brand?post=65017"},{"taxonomy":"product_cat","embeddable":true,"href":"https:\/\/creadivo.md\/ru\/wp-json\/wp\/v2\/product_cat?post=65017"},{"taxonomy":"product_tag","embeddable":true,"href":"https:\/\/creadivo.md\/ru\/wp-json\/wp\/v2\/product_tag?post=65017"}],"curies":[{"name":"wp","href":"https:\/\/api.w.org\/{rel}","templated":true}]}}