{"id":65024,"date":"2024-12-10T18:08:11","date_gmt":"2024-12-10T18:08:11","guid":{"rendered":"https:\/\/creadivo.md\/?post_type=product&#038;p=65024"},"modified":"2026-03-27T01:01:54","modified_gmt":"2026-03-27T01:01:54","slug":"set-de-dus-incastrat-lungo-grip-gun-greybox","status":"publish","type":"product","link":"https:\/\/creadivo.md\/ru\/product\/set-de-dus-incastrat-lungo-grip-gun-greybox\/","title":{"rendered":"\u0414\u0423\u0428\u0415\u0412\u0410\u042f \u0421\u0418\u0421\u0422\u0415\u041c\u0410 LUNGO GRIP GUN GREY+BOX"},"content":{"rendered":"<p>V\u0103 prezent\u0103m un nou model de set de du\u0219\u00a0 \u00eencastrat Lungo. Datorit\u0103 versatilit\u0103\u021bii \u0219i calit\u0103\u021bilor estetice uimitoare, setul este o alegere excelent\u0103 pentru proprietarii oric\u0103rei b\u0103i. Forma la mod\u0103 a elementelor de ipsos a fost acoperit\u0103 cu laser cu un strat de patru ori din email negru mat de cea mai bun\u0103 calitate. Datorit\u0103 acestei tehnici, bateria este protejat\u0103 \u00eempotriva coroziunii, p\u0103t\u0103rii \u0219i decolor\u0103rii.<\/p>\n<p>Setul include un du\u0219 cu efect de ploaie Ultra Thin de 2 mm rotund de 30 cm, o baterie cu suprafa\u021b\u0103 \u0219i elemente ascunse, o c\u00e2ntar cu un receptor \u0219i un set de puncte. Setul Lungo este perfect pentru persoanele care caut\u0103 solu\u021bii extraordinare \u0219i doresc s\u0103 creeze o baie original\u0103 \u0219i unic\u0103 a visurilor lor.<\/p>\n<div style=\"margin: 20px 0;\"><div class=\"qrcswholewtapper\" style=\"text-align:left;\"><div class=\"qrcprowrapper\"  id=\"qrcwraa2leds\"><div class=\"qrc_canvass\" id=\"qrc_cuttenpages_2\" style=\"display:inline-block\" data-text=\"https:\/\/creadivo.md\/ru\/product\/set-de-dus-incastrat-lungo-grip-gun-greybox\/\"><\/div><\/div><\/div><\/div>","protected":false},"excerpt":{"rendered":"<p>V\u0103 prezent\u0103m un nou model de set de du\u0219\u00a0 \u00eencastrat Lungo. Datorit\u0103 versatilit\u0103\u021bii \u0219i calit\u0103\u021bilor estetice uimitoare, setul este o<\/p>","protected":false},"featured_media":65025,"template":"","meta":[],"product_brand":[],"product_cat":[2085,1650],"product_tag":[],"class_list":{"0":"post-65024","1":"product","2":"type-product","3":"status-publish","4":"has-post-thumbnail","6":"product_cat-sisteme-de-dus","7":"product_cat-seturi-de-dus","9":"first","10":"instock","11":"purchasable","12":"product-type-simple"},"_links":{"self":[{"href":"https:\/\/creadivo.md\/ru\/wp-json\/wp\/v2\/product\/65024","targetHints":{"allow":["GET"]}}],"collection":[{"href":"https:\/\/creadivo.md\/ru\/wp-json\/wp\/v2\/product"}],"about":[{"href":"https:\/\/creadivo.md\/ru\/wp-json\/wp\/v2\/types\/product"}],"version-history":[{"count":0,"href":"https:\/\/creadivo.md\/ru\/wp-json\/wp\/v2\/product\/65024\/revisions"}],"wp:featuredmedia":[{"embeddable":true,"href":"https:\/\/creadivo.md\/ru\/wp-json\/wp\/v2\/media\/65025"}],"wp:attachment":[{"href":"https:\/\/creadivo.md\/ru\/wp-json\/wp\/v2\/media?parent=65024"}],"wp:term":[{"taxonomy":"product_brand","embeddable":true,"href":"https:\/\/creadivo.md\/ru\/wp-json\/wp\/v2\/product_brand?post=65024"},{"taxonomy":"product_cat","embeddable":true,"href":"https:\/\/creadivo.md\/ru\/wp-json\/wp\/v2\/product_cat?post=65024"},{"taxonomy":"product_tag","embeddable":true,"href":"https:\/\/creadivo.md\/ru\/wp-json\/wp\/v2\/product_tag?post=65024"}],"curies":[{"name":"wp","href":"https:\/\/api.w.org\/{rel}","templated":true}]}}