{"id":65026,"date":"2024-12-10T18:08:13","date_gmt":"2024-12-10T18:08:13","guid":{"rendered":"https:\/\/creadivo.md\/?post_type=product&#038;p=65026"},"modified":"2026-04-10T00:31:38","modified_gmt":"2026-04-10T00:31:38","slug":"baterie-pentru-cada-clif-nickel-brush","status":"publish","type":"product","link":"https:\/\/creadivo.md\/ru\/product\/baterie-pentru-cada-clif-nickel-brush\/","title":{"rendered":"\u0421\u041c\u0415\u0421\u0418\u0422\u0415\u041b\u042c \u0414\u041b\u042f \u0412\u0410\u041d\u041d\u042b CLIF NICKEL BRUSH"},"content":{"rendered":"<p>Baterie moderna de \u00eenalta calitate pentru orice tip de lavoar. Bateria este proiectat\u0103 pentru montarea pe chiuvet\u0103. Corp din alam\u0103 acoperit cu 4 straturi de email nickel. Aceast\u0103 tehnic\u0103 protejeaz\u0103 \u00eempotriva ruginii \u0219i coroziunii.<\/p>\n<div style=\"margin: 20px 0;\"><div class=\"qrcswholewtapper\" style=\"text-align:left;\"><div class=\"qrcprowrapper\"  id=\"qrcwraa2leds\"><div class=\"qrc_canvass\" id=\"qrc_cuttenpages_2\" style=\"display:inline-block\" data-text=\"https:\/\/creadivo.md\/ru\/product\/baterie-pentru-cada-clif-nickel-brush\/\"><\/div><\/div><\/div><\/div>","protected":false},"excerpt":{"rendered":"<p>Baterie moderna de \u00eenalta calitate pentru orice tip de lavoar. Bateria este proiectat\u0103 pentru montarea pe chiuvet\u0103. Corp din alam\u0103<\/p>","protected":false},"featured_media":65075,"template":"","meta":[],"product_brand":[],"product_cat":[290,29],"product_tag":[],"class_list":{"0":"post-65026","1":"product","2":"type-product","3":"status-publish","4":"has-post-thumbnail","6":"product_cat-pentru-cada","7":"product_cat-baterii-sanitare","9":"first","10":"instock","11":"purchasable","12":"product-type-simple"},"_links":{"self":[{"href":"https:\/\/creadivo.md\/ru\/wp-json\/wp\/v2\/product\/65026","targetHints":{"allow":["GET"]}}],"collection":[{"href":"https:\/\/creadivo.md\/ru\/wp-json\/wp\/v2\/product"}],"about":[{"href":"https:\/\/creadivo.md\/ru\/wp-json\/wp\/v2\/types\/product"}],"version-history":[{"count":0,"href":"https:\/\/creadivo.md\/ru\/wp-json\/wp\/v2\/product\/65026\/revisions"}],"wp:featuredmedia":[{"embeddable":true,"href":"https:\/\/creadivo.md\/ru\/wp-json\/wp\/v2\/media\/65075"}],"wp:attachment":[{"href":"https:\/\/creadivo.md\/ru\/wp-json\/wp\/v2\/media?parent=65026"}],"wp:term":[{"taxonomy":"product_brand","embeddable":true,"href":"https:\/\/creadivo.md\/ru\/wp-json\/wp\/v2\/product_brand?post=65026"},{"taxonomy":"product_cat","embeddable":true,"href":"https:\/\/creadivo.md\/ru\/wp-json\/wp\/v2\/product_cat?post=65026"},{"taxonomy":"product_tag","embeddable":true,"href":"https:\/\/creadivo.md\/ru\/wp-json\/wp\/v2\/product_tag?post=65026"}],"curies":[{"name":"wp","href":"https:\/\/api.w.org\/{rel}","templated":true}]}}