{"id":65028,"date":"2024-12-10T18:08:14","date_gmt":"2024-12-10T18:08:14","guid":{"rendered":"https:\/\/creadivo.md\/?post_type=product&#038;p=65028"},"modified":"2026-03-27T01:01:56","modified_gmt":"2026-03-27T01:01:56","slug":"baterie-de-bucatarie-eco-fresh-black","status":"publish","type":"product","link":"https:\/\/creadivo.md\/ru\/product\/baterie-de-bucatarie-eco-fresh-black\/","title":{"rendered":"\u0421\u041c\u0415\u0421\u0418\u0422\u0415\u041b\u042c \u0414\u041b\u042f \u0423\u041c\u042b\u0412\u0410\u041b\u042c\u041d\u0418\u041a\u0410 ECO FRESH BLACK"},"content":{"rendered":"<p>Baterie de buc\u0103t\u0103rie este functional\u0103, fiabil\u0103 si usor de instalat. Puteti deschide si inchide cu usurinta apa, precum si controla temperatura si volumul fluxului. Bateria de bucatarie este de inalta calitate si durabila.<\/p>\n<div style=\"margin: 20px 0;\"><div class=\"qrcswholewtapper\" style=\"text-align:left;\"><div class=\"qrcprowrapper\"  id=\"qrcwraa2leds\"><div class=\"qrc_canvass\" id=\"qrc_cuttenpages_2\" style=\"display:inline-block\" data-text=\"https:\/\/creadivo.md\/ru\/product\/baterie-de-bucatarie-eco-fresh-black\/\"><\/div><\/div><\/div><\/div>","protected":false},"excerpt":{"rendered":"<p>Baterie de buc\u0103t\u0103rie este functional\u0103, fiabil\u0103 si usor de instalat. Puteti deschide si inchide cu usurinta apa, precum si controla<\/p>","protected":false},"featured_media":65077,"template":"","meta":[],"product_brand":[],"product_cat":[101,29],"product_tag":[],"class_list":{"0":"post-65028","1":"product","2":"type-product","3":"status-publish","4":"has-post-thumbnail","6":"product_cat-robinete-de-bucatarie","7":"product_cat-baterii-sanitare","9":"first","10":"instock","11":"purchasable","12":"product-type-simple"},"_links":{"self":[{"href":"https:\/\/creadivo.md\/ru\/wp-json\/wp\/v2\/product\/65028","targetHints":{"allow":["GET"]}}],"collection":[{"href":"https:\/\/creadivo.md\/ru\/wp-json\/wp\/v2\/product"}],"about":[{"href":"https:\/\/creadivo.md\/ru\/wp-json\/wp\/v2\/types\/product"}],"version-history":[{"count":0,"href":"https:\/\/creadivo.md\/ru\/wp-json\/wp\/v2\/product\/65028\/revisions"}],"wp:featuredmedia":[{"embeddable":true,"href":"https:\/\/creadivo.md\/ru\/wp-json\/wp\/v2\/media\/65077"}],"wp:attachment":[{"href":"https:\/\/creadivo.md\/ru\/wp-json\/wp\/v2\/media?parent=65028"}],"wp:term":[{"taxonomy":"product_brand","embeddable":true,"href":"https:\/\/creadivo.md\/ru\/wp-json\/wp\/v2\/product_brand?post=65028"},{"taxonomy":"product_cat","embeddable":true,"href":"https:\/\/creadivo.md\/ru\/wp-json\/wp\/v2\/product_cat?post=65028"},{"taxonomy":"product_tag","embeddable":true,"href":"https:\/\/creadivo.md\/ru\/wp-json\/wp\/v2\/product_tag?post=65028"}],"curies":[{"name":"wp","href":"https:\/\/api.w.org\/{rel}","templated":true}]}}