{"id":65065,"date":"2024-12-13T09:44:31","date_gmt":"2024-12-13T09:44:31","guid":{"rendered":"https:\/\/creadivo.md\/?post_type=product&#038;p=65065"},"modified":"2026-04-09T00:10:22","modified_gmt":"2026-04-09T00:10:22","slug":"baterie-de-bucatarie-clever-black-nickel","status":"publish","type":"product","link":"https:\/\/creadivo.md\/ru\/product\/baterie-de-bucatarie-clever-black-nickel\/","title":{"rendered":"\u0421\u041c\u0415\u0421\u0418\u0422\u0415\u041b\u042c \u0414\u041b\u042f \u041a\u0423\u0425\u041d\u0418 CLEVER BLACK NICKEL"},"content":{"rendered":"<p>Baza fiec\u0103rei buc\u0103t\u0103rii func\u021bionale este robinetul de buc\u0103t\u0103rie potrivit. Corpul din alam\u0103 din care este realizat acest produs garanteaz\u0103 durabilitatea \u0219i stabilitatea robinetului. Fiabilitatea pe termen lung este garantat\u0103 prin utilizarea unui cap ceramic. Duza pliabil\u0103 v\u0103 permite s\u0103 direc\u021biona\u021bi fluxul oriunde.<\/p>\n<div style=\"margin: 20px 0;\"><div class=\"qrcswholewtapper\" style=\"text-align:left;\"><div class=\"qrcprowrapper\"  id=\"qrcwraa2leds\"><div class=\"qrc_canvass\" id=\"qrc_cuttenpages_2\" style=\"display:inline-block\" data-text=\"https:\/\/creadivo.md\/ru\/product\/baterie-de-bucatarie-clever-black-nickel\/\"><\/div><\/div><\/div><\/div>","protected":false},"excerpt":{"rendered":"<p>Baza fiec\u0103rei buc\u0103t\u0103rii func\u021bionale este robinetul de buc\u0103t\u0103rie potrivit. Corpul din alam\u0103 din care este realizat acest produs garanteaz\u0103 durabilitatea<\/p>","protected":false},"featured_media":65066,"template":"","meta":[],"product_brand":[],"product_cat":[29,101],"product_tag":[],"class_list":{"0":"post-65065","1":"product","2":"type-product","3":"status-publish","4":"has-post-thumbnail","6":"product_cat-baterii-sanitare","7":"product_cat-robinete-de-bucatarie","8":"pa_cap-ceramica-cu-mixer","9":"pa_conexiune-3-8-inch","10":"pa_inaltime-530-mm","11":"pa_informatii-suplimentare-duza-mobila-aerator-de-aerare-de-495-mm","12":"pa_instalare-pentru-chiuveta-sau-blat","14":"first","15":"instock","16":"purchasable","17":"product-type-simple"},"_links":{"self":[{"href":"https:\/\/creadivo.md\/ru\/wp-json\/wp\/v2\/product\/65065","targetHints":{"allow":["GET"]}}],"collection":[{"href":"https:\/\/creadivo.md\/ru\/wp-json\/wp\/v2\/product"}],"about":[{"href":"https:\/\/creadivo.md\/ru\/wp-json\/wp\/v2\/types\/product"}],"version-history":[{"count":0,"href":"https:\/\/creadivo.md\/ru\/wp-json\/wp\/v2\/product\/65065\/revisions"}],"wp:featuredmedia":[{"embeddable":true,"href":"https:\/\/creadivo.md\/ru\/wp-json\/wp\/v2\/media\/65066"}],"wp:attachment":[{"href":"https:\/\/creadivo.md\/ru\/wp-json\/wp\/v2\/media?parent=65065"}],"wp:term":[{"taxonomy":"product_brand","embeddable":true,"href":"https:\/\/creadivo.md\/ru\/wp-json\/wp\/v2\/product_brand?post=65065"},{"taxonomy":"product_cat","embeddable":true,"href":"https:\/\/creadivo.md\/ru\/wp-json\/wp\/v2\/product_cat?post=65065"},{"taxonomy":"product_tag","embeddable":true,"href":"https:\/\/creadivo.md\/ru\/wp-json\/wp\/v2\/product_tag?post=65065"}],"curies":[{"name":"wp","href":"https:\/\/api.w.org\/{rel}","templated":true}]}}