{"id":65093,"date":"2024-12-18T15:48:37","date_gmt":"2024-12-18T15:48:37","guid":{"rendered":"https:\/\/creadivo.md\/?post_type=product&#038;p=65093"},"modified":"2026-03-27T01:10:09","modified_gmt":"2026-03-27T01:10:09","slug":"baterie-incastrata-argon-gold-brush","status":"publish","type":"product","link":"https:\/\/creadivo.md\/ru\/product\/baterie-incastrata-argon-gold-brush\/","title":{"rendered":"\u0421\u041c\u0415\u0421\u0418\u0422\u0415\u041b\u042c \u041d\u0410\u0421\u0422\u0415\u041d\u041d\u042b\u0419 ARGON GOLD BRUSH"},"content":{"rendered":"<p>Baterie moderna func\u021bional\u0103 \u0219i modern\u0103. Este un produs care v\u0103 va umple perfect spa\u021biul din baie, p\u0103str\u00e2nd \u00een acela\u0219i timp o estetic\u0103 interioar\u0103 excelent\u0103. Bateria este potrivit\u0103 pentru montarea pe perete. A fost realizat din alam\u0103 acoperit cu un strat triplu . Datorit\u0103 unei faze speciale de produc\u021bie, este durabil \u0219i u\u0219or de cur\u0103\u021bat.<\/p>\n<div style=\"margin: 20px 0;\"><div class=\"qrcswholewtapper\" style=\"text-align:left;\"><div class=\"qrcprowrapper\"  id=\"qrcwraa2leds\"><div class=\"qrc_canvass\" id=\"qrc_cuttenpages_2\" style=\"display:inline-block\" data-text=\"https:\/\/creadivo.md\/ru\/product\/baterie-incastrata-argon-gold-brush\/\"><\/div><\/div><\/div><\/div>","protected":false},"excerpt":{"rendered":"<p>Baterie moderna func\u021bional\u0103 \u0219i modern\u0103. Este un produs care v\u0103 va umple perfect spa\u021biul din baie, p\u0103str\u00e2nd \u00een acela\u0219i timp<\/p>","protected":false},"featured_media":65136,"template":"","meta":[],"product_brand":[],"product_cat":[290,29],"product_tag":[],"class_list":{"0":"post-65093","1":"product","2":"type-product","3":"status-publish","4":"has-post-thumbnail","6":"product_cat-pentru-cada","7":"product_cat-baterii-sanitare","9":"first","10":"instock","11":"purchasable","12":"product-type-simple"},"_links":{"self":[{"href":"https:\/\/creadivo.md\/ru\/wp-json\/wp\/v2\/product\/65093","targetHints":{"allow":["GET"]}}],"collection":[{"href":"https:\/\/creadivo.md\/ru\/wp-json\/wp\/v2\/product"}],"about":[{"href":"https:\/\/creadivo.md\/ru\/wp-json\/wp\/v2\/types\/product"}],"version-history":[{"count":0,"href":"https:\/\/creadivo.md\/ru\/wp-json\/wp\/v2\/product\/65093\/revisions"}],"wp:featuredmedia":[{"embeddable":true,"href":"https:\/\/creadivo.md\/ru\/wp-json\/wp\/v2\/media\/65136"}],"wp:attachment":[{"href":"https:\/\/creadivo.md\/ru\/wp-json\/wp\/v2\/media?parent=65093"}],"wp:term":[{"taxonomy":"product_brand","embeddable":true,"href":"https:\/\/creadivo.md\/ru\/wp-json\/wp\/v2\/product_brand?post=65093"},{"taxonomy":"product_cat","embeddable":true,"href":"https:\/\/creadivo.md\/ru\/wp-json\/wp\/v2\/product_cat?post=65093"},{"taxonomy":"product_tag","embeddable":true,"href":"https:\/\/creadivo.md\/ru\/wp-json\/wp\/v2\/product_tag?post=65093"}],"curies":[{"name":"wp","href":"https:\/\/api.w.org\/{rel}","templated":true}]}}